{"id":114,"date":"2018-01-26T16:53:18","date_gmt":"2018-01-26T16:53:18","guid":{"rendered":"https:\/\/www.gastonmercier.com\/blog\/?page_id=114"},"modified":"2018-01-26T17:55:04","modified_gmt":"2018-01-26T17:55:04","slug":"textes","status":"publish","type":"page","link":"https:\/\/www.gastonmercier.com\/blog\/textes\/","title":{"rendered":"Textes"},"content":{"rendered":"<p class=\"p1\"><em><span class=\"s1\">Et si l\u2019on refondait le droit du travail\u2026<br \/>\n<\/span><\/em><span class=\"s1\"><em>Proclamant avoir \u00e9t\u00e9 \u00e9lu pour les r\u00e9formes qu\u2019il pr\u00e9conise, et non contre l\u2019extr\u00eame droite, le pr\u00e9sident de la R\u00e9publique fran\u00e7aise entend d\u00e9r\u00e9glementer un peu plus le march\u00e9 du travail. Devant la mont\u00e9e de la contestation dans la rue, m\u00eame les syndicats les plus proches du pouvoir jugent le projet d\u00e9s\u00e9quilibr\u00e9 au d\u00e9triment des salari\u00e9s. Adapter le droit aux nouvelles formes d\u2019organisation du travail en prenant r\u00e9ellement en compte les aspirations humaines conduirait \u00e0 de tout autres r\u00e9formes.<\/em><br \/>\n<\/span><span class=\"s2\">Par\u00a0<\/span><span class=\"s1\">Alain Supiot\u00a0 &#8211;\u00a0<\/span><span class=\"s1\">Le Monde Diplomatique Octobre 2017<br \/>\n<\/span> <a href=\"https:\/\/www.gastonmercier.com\/blog\/wp-content\/uploads\/2018\/01\/Alain-Supiot-Mondediplooct2017.pdf\" class=\"pdfemb-viewer\" style=\"\" data-width=\"max\" data-height=\"max\" data-toolbar=\"bottom\" data-toolbar-fixed=\"off\">Alain Supiot Mondediplooct2017<\/a><\/p>\n<p class=\"p1\"><span class=\"s1\">Le mod\u00e8le qui inspire Emmanuel Macron<br \/>\n<\/span><span class=\"s1\">L\u2019enfer du miracle allemand.<br \/>\n<\/span><span class=\"s1\"><em>La population allemande, appel\u00e9e aux urnes le 24\u00a0septembre, n\u2019a jamais compt\u00e9 aussi peu de demandeurs d\u2019emploi. Ni autant de pr\u00e9caires. Le d\u00e9mant\u00e8lement de la protection sociale au milieu des ann\u00e9es 2000 a converti les ch\u00f4meurs en travailleurs pauvres. Ces r\u00e9formes inspirent la refonte du code du travail que le gouvernement fran\u00e7ais cherche \u00e0 imposer par ordonnances.<\/em><br \/>\n<\/span> Par\u00a0<span class=\"s1\">Olivier Cyran &#8211;\u00a0<\/span><span class=\"s1\">Le Monde Diplomatique Septembre 2017<br \/>\n<a href=\"https:\/\/www.gastonmercier.com\/blog\/wp-content\/uploads\/2018\/01\/Redonner-a\u0300-l\u2019Union-europe\u0301enne-une-base-politique-le\u0301gitime.pdf\" class=\"pdfemb-viewer\" style=\"\" data-width=\"max\" data-height=\"max\" data-toolbar=\"bottom\" data-toolbar-fixed=\"off\">Redonner a\u0300 l\u2019Union europe\u0301enne une base politique le\u0301gitime<\/a><br \/>\n<\/span><\/p>\n","protected":false},"excerpt":{"rendered":"<p>Et si l\u2019on refondait le droit du travail\u2026 Proclamant avoir \u00e9t\u00e9 \u00e9lu pour les r\u00e9formes qu\u2019il pr\u00e9conise, et non contre l\u2019extr\u00eame droite, le pr\u00e9sident de la R\u00e9publique fran\u00e7aise entend d\u00e9r\u00e9glementer un peu plus le march\u00e9 du travail. Devant la mont\u00e9e de la contestation dans la rue, m\u00eame les syndicats les plus proches du pouvoir jugent&#8230; <\/p>\n<div class=\"link-more\"><a href=\"https:\/\/www.gastonmercier.com\/blog\/textes\/\">Read More<\/a><\/div>\n","protected":false},"author":1,"featured_media":0,"parent":0,"menu_order":0,"comment_status":"closed","ping_status":"closed","template":"","meta":{"jetpack_post_was_ever_published":false,"footnotes":""},"class_list":["post-114","page","type-page","status-publish","hentry"],"jetpack_sharing_enabled":true,"jetpack_shortlink":"https:\/\/wp.me\/P9Bby5-1Q","_links":{"self":[{"href":"https:\/\/www.gastonmercier.com\/blog\/wp-json\/wp\/v2\/pages\/114","targetHints":{"allow":["GET"]}}],"collection":[{"href":"https:\/\/www.gastonmercier.com\/blog\/wp-json\/wp\/v2\/pages"}],"about":[{"href":"https:\/\/www.gastonmercier.com\/blog\/wp-json\/wp\/v2\/types\/page"}],"author":[{"embeddable":true,"href":"https:\/\/www.gastonmercier.com\/blog\/wp-json\/wp\/v2\/users\/1"}],"replies":[{"embeddable":true,"href":"https:\/\/www.gastonmercier.com\/blog\/wp-json\/wp\/v2\/comments?post=114"}],"version-history":[{"count":8,"href":"https:\/\/www.gastonmercier.com\/blog\/wp-json\/wp\/v2\/pages\/114\/revisions"}],"predecessor-version":[{"id":138,"href":"https:\/\/www.gastonmercier.com\/blog\/wp-json\/wp\/v2\/pages\/114\/revisions\/138"}],"wp:attachment":[{"href":"https:\/\/www.gastonmercier.com\/blog\/wp-json\/wp\/v2\/media?parent=114"}],"curies":[{"name":"wp","href":"https:\/\/api.w.org\/{rel}","templated":true}]}}